{"id":10425,"date":"2021-06-10T08:01:12","date_gmt":"2021-06-10T08:01:12","guid":{"rendered":"https:\/\/www.rehafit.ch\/produkt\/balle-de-compression-moves\/"},"modified":"2021-09-22T08:14:12","modified_gmt":"2021-09-22T08:14:12","slug":"deplace-la-balle-pressee","status":"publish","type":"product","link":"https:\/\/www.rehafit.ch\/fr\/Produit\/deplace-la-balle-pressee\/","title":{"rendered":"balle de compression MoVeS"},"content":{"rendered":"<p>La balle de compression MoVeS a \u00e9t\u00e9 d\u00e9velopp\u00e9e pour permettre une s\u00e9quence progressive de 5 couleurs. Il renforce les mains, les doigts et les avant-bras et entra\u00eene les muscles individuellement ou en tandem. La balle de compression MoVeS<br \/>\npeut \u00eatre utilis\u00e9 en r\u00e9\u00e9ducation ainsi que pour l&rsquo;entra\u00eenement sportif ou pour r\u00e9duire le stress.<\/p>\n<p>Les balles press\u00e9es et les \u0153ufs MoVeS aident \u00e0 :<br \/>\n\u2022 pour la r\u00e9\u00e9ducation des mains et des bras post-op\u00e9ratoires \/ post-traumatiques.<br \/>\n\u2022 pour restaurer la fonction des mains, des bras et des \u00e9paules apr\u00e8s un AVC.<br \/>\n\u2022 pour r\u00e9duire la douleur et la raideur des doigts, des mains et des poignets arthritiques.<br \/>\n\u2022 pour d\u00e9tendre les muscles tendus et endoloris et r\u00e9duire le stress.<br \/>\n\u2022 pour renforcer les mains et les bras vieillissants<\/p>\n<p>&nbsp;<\/p>\n<p>&nbsp;<\/p>\n<p>&nbsp;<\/p>\n<p>&nbsp;<\/p>\n","protected":false},"excerpt":{"rendered":"<p><img loading=\"lazy\" decoding=\"async\" class=\"alignnone wp-image-9812\" src=\"https:\/\/www.rehafit.ch\/wp-content\/uploads\/2021\/02\/logo-300x225-1.png\" alt=\"\" width=\"139\" height=\"104\" srcset=\"https:\/\/www.rehafit.ch\/wp-content\/uploads\/2021\/02\/logo-300x225-1.png 300w, https:\/\/www.rehafit.ch\/wp-content\/uploads\/2021\/02\/logo-300x225-1-250x188.png 250w\" sizes=\"auto, (max-width: 139px) 100vw, 139px\" \/><\/p>\n<p>MVS In Motion est sp\u00e9cialis\u00e9 dans les produits de physioth\u00e9rapie et de r\u00e9\u00e9ducation, de sport et de fitness et s&rsquo;efforce toujours d&rsquo;offrir des produits de haute qualit\u00e9.<\/p>\n","protected":false},"featured_media":10193,"comment_status":"open","ping_status":"closed","template":"","meta":{"kt_blocks_editor_width":""},"product_brand":[],"product_cat":[144,140],"product_tag":[],"class_list":{"0":"post-10425","1":"product","2":"type-product","3":"status-publish","4":"has-post-thumbnail","6":"product_cat-nouveaux-hits","7":"product_cat-fitness-wellness-pilates-fr","9":"first","10":"instock","11":"taxable","12":"shipping-taxable","13":"purchasable","14":"product-type-variable"},"aioseo_notices":[],"_links":{"self":[{"href":"https:\/\/www.rehafit.ch\/fr\/wp-json\/wp\/v2\/product\/10425","targetHints":{"allow":["GET"]}}],"collection":[{"href":"https:\/\/www.rehafit.ch\/fr\/wp-json\/wp\/v2\/product"}],"about":[{"href":"https:\/\/www.rehafit.ch\/fr\/wp-json\/wp\/v2\/types\/product"}],"replies":[{"embeddable":true,"href":"https:\/\/www.rehafit.ch\/fr\/wp-json\/wp\/v2\/comments?post=10425"}],"wp:featuredmedia":[{"embeddable":true,"href":"https:\/\/www.rehafit.ch\/fr\/wp-json\/wp\/v2\/media\/10193"}],"wp:attachment":[{"href":"https:\/\/www.rehafit.ch\/fr\/wp-json\/wp\/v2\/media?parent=10425"}],"wp:term":[{"taxonomy":"product_brand","embeddable":true,"href":"https:\/\/www.rehafit.ch\/fr\/wp-json\/wp\/v2\/product_brand?post=10425"},{"taxonomy":"product_cat","embeddable":true,"href":"https:\/\/www.rehafit.ch\/fr\/wp-json\/wp\/v2\/product_cat?post=10425"},{"taxonomy":"product_tag","embeddable":true,"href":"https:\/\/www.rehafit.ch\/fr\/wp-json\/wp\/v2\/product_tag?post=10425"}],"curies":[{"name":"wp","href":"https:\/\/api.w.org\/{rel}","templated":true}]}}