{"id":10418,"date":"2021-06-10T09:18:49","date_gmt":"2021-09-22T08:03:23","guid":{"rendered":"https:\/\/www.rehafit.ch\/produkt\/cable-depaule-moves-avec-poignee-de-verrouillage\/"},"modified":"2021-09-22T08:03:23","modified_gmt":"2021-09-22T08:03:23","slug":"tire-de-corde-d-epaule-avec-poignee-de-verrouillage","status":"publish","type":"product","link":"https:\/\/www.rehafit.ch\/fr\/Produit\/tire-de-corde-d-epaule-avec-poignee-de-verrouillage\/","title":{"rendered":"C\u00e2ble d&rsquo;\u00e9paule MoVeS avec poign\u00e9e de verrouillage"},"content":{"rendered":"<p>Le c\u00e2ble d&rsquo;\u00e9paule MoVeS est un appareil facile \u00e0 utiliser qui permet d&rsquo;augmenter l&rsquo;amplitude de mouvement de l&rsquo;\u00e9paule. Il peut \u00eatre utilis\u00e9 pour la pr\u00e9vention et la r\u00e9adaptation<br \/>\nutilis\u00e9 par les blessures \u00e0 l&rsquo;\u00e9paule. Ce palan \u00e0 c\u00e2ble d&rsquo;\u00e9paule facile \u00e0 utiliser peut \u00eatre install\u00e9 dans une porte.<\/p>\n<p>Ce palan \u00e0 corde d&rsquo;\u00e9paule MoVeS est fourni avec une poulie, un ancrage de porte, une corde en nylon, un syst\u00e8me de but\u00e9e et des poign\u00e9es de verrouillage.<br \/>\nLes poign\u00e9es de verrouillage uniques permettent \u00e0 l&rsquo;utilisateur d&rsquo;ajuster facilement la longueur de la corde \u00e0 l&rsquo;aide de la poign\u00e9e, tandis que le syst\u00e8me de but\u00e9e r\u00e9volutionnaire est une aide pr\u00e9cieuse pour un entra\u00eenement coh\u00e9rent et progressif.<\/p>\n<p>&nbsp;<\/p>\n<p>&nbsp;<\/p>\n<p>&nbsp;<\/p>\n<p>&nbsp;<\/p>\n<p>&nbsp;<\/p>\n","protected":false},"excerpt":{"rendered":"<p><img loading=\"lazy\" decoding=\"async\" class=\"alignnone wp-image-9812\" src=\"https:\/\/www.rehafit.ch\/wp-content\/uploads\/2021\/02\/logo-300x225-1.png\" alt=\"\" width=\"139\" height=\"104\" srcset=\"https:\/\/www.rehafit.ch\/wp-content\/uploads\/2021\/02\/logo-300x225-1.png 300w, https:\/\/www.rehafit.ch\/wp-content\/uploads\/2021\/02\/logo-300x225-1-250x188.png 250w\" sizes=\"auto, (max-width: 139px) 100vw, 139px\" \/><\/p>\n<p>MVS In Motion est sp\u00e9cialis\u00e9 dans les produits de physioth\u00e9rapie et de r\u00e9\u00e9ducation, de sport et de fitness et s&rsquo;efforce toujours d&rsquo;offrir des produits de haute qualit\u00e9.<\/p>\n","protected":false},"featured_media":0,"comment_status":"open","ping_status":"closed","template":"","meta":{"kt_blocks_editor_width":""},"product_brand":[],"product_cat":[140,144],"product_tag":[],"class_list":{"0":"post-10418","1":"product","2":"type-product","3":"status-publish","5":"product_cat-fitness-wellness-pilates-fr","6":"product_cat-nouveaux-hits","8":"first","9":"outofstock","10":"taxable","11":"shipping-taxable","12":"purchasable","13":"product-type-simple"},"aioseo_notices":[],"_links":{"self":[{"href":"https:\/\/www.rehafit.ch\/fr\/wp-json\/wp\/v2\/product\/10418","targetHints":{"allow":["GET"]}}],"collection":[{"href":"https:\/\/www.rehafit.ch\/fr\/wp-json\/wp\/v2\/product"}],"about":[{"href":"https:\/\/www.rehafit.ch\/fr\/wp-json\/wp\/v2\/types\/product"}],"replies":[{"embeddable":true,"href":"https:\/\/www.rehafit.ch\/fr\/wp-json\/wp\/v2\/comments?post=10418"}],"wp:attachment":[{"href":"https:\/\/www.rehafit.ch\/fr\/wp-json\/wp\/v2\/media?parent=10418"}],"wp:term":[{"taxonomy":"product_brand","embeddable":true,"href":"https:\/\/www.rehafit.ch\/fr\/wp-json\/wp\/v2\/product_brand?post=10418"},{"taxonomy":"product_cat","embeddable":true,"href":"https:\/\/www.rehafit.ch\/fr\/wp-json\/wp\/v2\/product_cat?post=10418"},{"taxonomy":"product_tag","embeddable":true,"href":"https:\/\/www.rehafit.ch\/fr\/wp-json\/wp\/v2\/product_tag?post=10418"}],"curies":[{"name":"wp","href":"https:\/\/api.w.org\/{rel}","templated":true}]}}