{"id":10415,"date":"2021-08-29T11:47:33","date_gmt":"2021-09-22T07:47:09","guid":{"rendered":"https:\/\/www.rehafit.ch\/produkt\/entraineur-de-bras-et-de-jambes-moves\/"},"modified":"2021-09-22T07:47:17","modified_gmt":"2021-09-22T07:47:17","slug":"entraineur-bras-jambes-moves","status":"publish","type":"product","link":"https:\/\/www.rehafit.ch\/fr\/Produit\/entraineur-bras-jambes-moves\/","title":{"rendered":"Entra\u00eeneur de bras et de jambes MoVeS"},"content":{"rendered":"<p><strong>L&rsquo;entra\u00eeneur des bras et des jambes<\/strong> Le K\/D (Knock-Down) est utilis\u00e9 pour d\u00e9velopper la force musculaire et am\u00e9liorer la circulation sanguine et la coordination des bras ou des jambes. En tant qu&rsquo;appareil de table, il s&rsquo;agit d&rsquo;un entra\u00eeneur de bras, au sol, il entra\u00eene vos jambes. L&rsquo;exerciseur \u00e0 p\u00e9dale standard MoVeS K \/ D est facile \u00e0 transporter et peut simplement \u00eatre pouss\u00e9 sous une chaise ou un lit pour le rangement. Il est assembl\u00e9 avec seulement 6 vis et est livr\u00e9 dans une bo\u00eete pratique et compacte avec une poign\u00e9e. La r\u00e9sistance de la p\u00e9dale du MoVeS Standard Pedal Exerciser K \/ D peut \u00eatre r\u00e9gl\u00e9e de mani\u00e8re variable \u00e0 l&rsquo;aide d&rsquo;un bouton de r\u00e9glage, permettant ainsi un programme d&rsquo;entra\u00eenement progressif.<\/p>\n<ul>\n<li>51x41x28cm<\/li>\n<li>2,2 kilogrammes<\/li>\n<\/ul>\n","protected":false},"excerpt":{"rendered":"<p><img loading=\"lazy\" decoding=\"async\" class=\"alignnone wp-image-9812\" src=\"https:\/\/www.rehafit.ch\/wp-content\/uploads\/2021\/02\/logo-300x225-1.png\" alt=\"\" width=\"139\" height=\"104\" srcset=\"https:\/\/www.rehafit.ch\/wp-content\/uploads\/2021\/02\/logo-300x225-1.png 300w, https:\/\/www.rehafit.ch\/wp-content\/uploads\/2021\/02\/logo-300x225-1-250x188.png 250w\" sizes=\"auto, (max-width: 139px) 100vw, 139px\" \/><\/p>\n<p>MVS In Motion est sp\u00e9cialis\u00e9 dans les produits de physioth\u00e9rapie et de r\u00e9\u00e9ducation, de sport et de fitness et s&rsquo;efforce toujours d&rsquo;offrir des produits de haute qualit\u00e9.<\/p>\n","protected":false},"featured_media":10254,"comment_status":"open","ping_status":"closed","template":"","meta":{"kt_blocks_editor_width":""},"product_brand":[],"product_cat":[117,119,144],"product_tag":[],"class_list":{"0":"post-10415","1":"product","2":"type-product","3":"status-publish","4":"has-post-thumbnail","6":"product_cat-aides-quotidiennes","7":"product_cat-pedale-dexercice","8":"product_cat-nouveaux-hits","10":"first","11":"instock","12":"taxable","13":"shipping-taxable","14":"purchasable","15":"product-type-simple"},"aioseo_notices":[],"_links":{"self":[{"href":"https:\/\/www.rehafit.ch\/fr\/wp-json\/wp\/v2\/product\/10415","targetHints":{"allow":["GET"]}}],"collection":[{"href":"https:\/\/www.rehafit.ch\/fr\/wp-json\/wp\/v2\/product"}],"about":[{"href":"https:\/\/www.rehafit.ch\/fr\/wp-json\/wp\/v2\/types\/product"}],"replies":[{"embeddable":true,"href":"https:\/\/www.rehafit.ch\/fr\/wp-json\/wp\/v2\/comments?post=10415"}],"wp:featuredmedia":[{"embeddable":true,"href":"https:\/\/www.rehafit.ch\/fr\/wp-json\/wp\/v2\/media\/10254"}],"wp:attachment":[{"href":"https:\/\/www.rehafit.ch\/fr\/wp-json\/wp\/v2\/media?parent=10415"}],"wp:term":[{"taxonomy":"product_brand","embeddable":true,"href":"https:\/\/www.rehafit.ch\/fr\/wp-json\/wp\/v2\/product_brand?post=10415"},{"taxonomy":"product_cat","embeddable":true,"href":"https:\/\/www.rehafit.ch\/fr\/wp-json\/wp\/v2\/product_cat?post=10415"},{"taxonomy":"product_tag","embeddable":true,"href":"https:\/\/www.rehafit.ch\/fr\/wp-json\/wp\/v2\/product_tag?post=10415"}],"curies":[{"name":"wp","href":"https:\/\/api.w.org\/{rel}","templated":true}]}}