{"id":12997,"date":"2022-11-24T13:28:24","date_gmt":"2022-11-24T13:28:24","guid":{"rendered":"https:\/\/www.rehafit.ch\/conditions-generales-de-vente\/"},"modified":"2025-02-14T08:48:30","modified_gmt":"2025-02-14T08:48:30","slug":"conditions-generales-de-vente","status":"publish","type":"page","link":"https:\/\/www.rehafit.ch\/fr\/conditions-generales-de-vente\/","title":{"rendered":"Conditions g\u00e9n\u00e9rales de vente"},"content":{"rendered":"<p><b>1. applicabilit\u00e9<\/b><br \/>\nLes pr\u00e9sentes conditions g\u00e9n\u00e9rales de vente font partie int\u00e9grante de toutes les transactions effectu\u00e9es via le magasin en ligne \u00ab\u00a0rehafit.ch\u00a0\u00bb de la soci\u00e9t\u00e9 Novomed GmbH, Allschwil, dans la mesure o\u00f9 aucun autre accord n&rsquo;a \u00e9t\u00e9 conclu par \u00e9crit.<\/p>\n<p><b>2. s\u00e9curit\u00e9<\/b><br \/>\nrehafit.ch ne transmet aucune donn\u00e9e personnelle de ses clients \u00e0 des tiers. Seules les donn\u00e9es n\u00e9cessaires \u00e0 l&rsquo;ex\u00e9cution de la commande sont exclues (par exemple, les donn\u00e9es de livraison pour la poste).<\/p>\n<p><b>3. dates de livraison, d\u00e9lais de livraison<\/b><br \/>\nLes produits contenus dans la boutique en ligne de rehafit.ch sont g\u00e9n\u00e9ralement disponibles dans notre entrep\u00f4t et vous parviennent dans un d\u00e9lai de 2 \u00e0 4 jours ouvrables.<br \/>\nDans des cas exceptionnels, la livraison peut \u00eatre retard\u00e9e. Vous en serez inform\u00e9 par \u00e9crit.<br \/>\nLes reliquats sont livr\u00e9s d\u00e8s leur arriv\u00e9e sans frais de port suppl\u00e9mentaires.<\/p>\n<p><strong>4. dates de livraison, d\u00e9lais de livraison<br \/>\n<\/strong>Tous les prix incluent la TVA \u00e0 8,1%.<\/p>\n<p><b>5. exp\u00e9dition, livraison<\/b><br \/>\nLa livraison s&rsquo;effectue contre facture en Suisse. Frais de livraison forfaitaires de 9 CHF. Pas de livraison \u00e0 l&rsquo;\u00e9tranger.<br \/>\n<b>Le client dispose d&rsquo;un droit de retour dans un d\u00e9lai de 10 jours, pour lesquels rien d&rsquo;autre n&rsquo;est mentionn\u00e9. Le droit de retour ne s&rsquo;applique pas aux articles sp\u00e9cialement marqu\u00e9s comme ayant un d\u00e9lai de livraison plus long. Les articles dans les salles d&rsquo;eau ne peuvent \u00eatre repris que sous certaines conditions pour des raisons d&rsquo;hygi\u00e8ne.<br \/>\nPour les retours d&rsquo;offres sp\u00e9ciales, nous facturons des frais de traitement de 20.00 <\/b>Le retour de l&rsquo;article dans son emballage d&rsquo;origine ferm\u00e9 et en parfait \u00e9tat se fait aux frais du client.<\/p>\n<p><b>6. frais d&rsquo;exp\u00e9dition<\/b><br \/>\nEn Suisse, Les livraisons sont gratuites<\/p>\n<p><b>7. emballage<\/b><br \/>\nLe co\u00fbt des emballages usuels est inclus dans le prix. Si un emballage sp\u00e9cial est exig\u00e9 ou si cela est n\u00e9cessaire pour l&rsquo;exp\u00e9dition s\u00fbre d&rsquo;un article, les frais correspondants seront factur\u00e9s.<\/p>\n<p><b>8. conditions de paiement, facture<\/b><br \/>\nLes cr\u00e9ances sont exigibles 10 jours apr\u00e8s l&rsquo;\u00e9tablissement de la facture. Les d\u00e9ductions telles que les escomptes ou les rabais ne sont autoris\u00e9es que si cela a \u00e9t\u00e9 convenu par \u00e9crit.<br \/>\nL&rsquo;int\u00e9r\u00eat moratoire pour les paiements tardifs s&rsquo;\u00e9l\u00e8ve \u00e0 8% et s&rsquo;applique \u00e0 partir de la date de facturation. L&rsquo;int\u00e9r\u00eat moratoire est exig\u00e9 \u00e0 partir du deuxi\u00e8me rappel par lettre recommand\u00e9e.<br \/>\nA partir d&rsquo;un montant de CHF 1000.00, nous demandons un paiement anticip\u00e9 de 50% du montant de la commande.<\/p>\n<p><b>9\u00e8me garantie<\/b><br \/>\nLa dur\u00e9e de la garantie est de 2 ans \u00e0 compter de la date d&rsquo;achat.<\/p>\n<p><b>10. r\u00e9clamation pour d\u00e9faut<\/b><br \/>\nLes livraisons erron\u00e9es, les erreurs de quantit\u00e9 et les d\u00e9fauts visibles doivent \u00eatre signal\u00e9s par \u00e9crit par le client dans les 10 jours suivant la r\u00e9ception de la marchandise, les vices cach\u00e9s dans les deux semaines suivant la connaissance du d\u00e9faut. Toute intervention arbitraire du client ou d&rsquo;un tiers sur la marchandise ou sur des parties de celle-ci entra\u00eene la perte de tous les droits de garantie, sauf si le d\u00e9faut signal\u00e9 n&rsquo;a aucun rapport avec l&rsquo;intervention.<\/p>\n<p><b>11) Clause de non-responsabilit\u00e9<\/b><br \/>\nLa responsabilit\u00e9 de notre soci\u00e9t\u00e9 pour des dommages cons\u00e9cutifs \u00e0 des d\u00e9fauts est exclue, sauf si elle est obligatoirement prescrite par la loi ou si elle a \u00e9t\u00e9 convenue par \u00e9crit.<\/p>\n<p><b>12. r\u00e9serve de propri\u00e9t\u00e9<\/b><br \/>\nJusqu&rsquo;au paiement complet du prix d&rsquo;achat, y compris tous les frais annexes tels que les int\u00e9r\u00eats ou les frais d&rsquo;exp\u00e9dition, l&rsquo;objet de l&rsquo;achat ainsi que tous ses composants et accessoires font l&rsquo;objet d&rsquo;une r\u00e9serve de propri\u00e9t\u00e9 au sens de l&rsquo;art. 715 du Code civil.<\/p>\n<p><b>13. lieu de juridiction <\/b><br \/>\nLe tribunal comp\u00e9tent est Allschwil.<\/p>\n<p><b>rehafit.ch<\/b><\/p>\n<p>Ringstrasse 9<br \/>\nCH- 4123 Allschwil<br \/>\nTel. 061 383 13 00 061\/383 13 00<\/p>\n<p><a class=\"artikel\" href=\"mailto:service@rehafit.ch\">service@rehafit.ch<\/a><\/p>\n<p><strong><a href=\"https:\/\/www.rehafit.ch\/fr\/protection-des-donnees\/\">Protection des donn\u00e9es&gt;&gt;<\/a><\/strong><\/p>\n","protected":false},"excerpt":{"rendered":"<p>1. applicabilit\u00e9 Les pr\u00e9sentes conditions g\u00e9n\u00e9rales de vente font partie int\u00e9grante de toutes les transactions effectu\u00e9es via le magasin en ligne \u00ab\u00a0rehafit.ch\u00a0\u00bb de la soci\u00e9t\u00e9 Novomed GmbH, Allschwil, dans la mesure o\u00f9 aucun autre accord n&rsquo;a \u00e9t\u00e9 conclu par \u00e9crit. &hellip; <a class=\"kt-excerpt-readmore\" href=\"https:\/\/www.rehafit.ch\/fr\/conditions-generales-de-vente\/\" aria-label=\"Conditions g\u00e9n\u00e9rales de vente\">Lire la suite<\/a><\/p>\n","protected":false},"author":1,"featured_media":0,"parent":0,"menu_order":0,"comment_status":"closed","ping_status":"closed","template":"","meta":{"kt_blocks_editor_width":"","footnotes":""},"class_list":["post-12997","page","type-page","status-publish","hentry"],"aioseo_notices":[],"_links":{"self":[{"href":"https:\/\/www.rehafit.ch\/fr\/wp-json\/wp\/v2\/pages\/12997","targetHints":{"allow":["GET"]}}],"collection":[{"href":"https:\/\/www.rehafit.ch\/fr\/wp-json\/wp\/v2\/pages"}],"about":[{"href":"https:\/\/www.rehafit.ch\/fr\/wp-json\/wp\/v2\/types\/page"}],"author":[{"embeddable":true,"href":"https:\/\/www.rehafit.ch\/fr\/wp-json\/wp\/v2\/users\/1"}],"replies":[{"embeddable":true,"href":"https:\/\/www.rehafit.ch\/fr\/wp-json\/wp\/v2\/comments?post=12997"}],"version-history":[{"count":0,"href":"https:\/\/www.rehafit.ch\/fr\/wp-json\/wp\/v2\/pages\/12997\/revisions"}],"wp:attachment":[{"href":"https:\/\/www.rehafit.ch\/fr\/wp-json\/wp\/v2\/media?parent=12997"}],"curies":[{"name":"wp","href":"https:\/\/api.w.org\/{rel}","templated":true}]}}