{"id":10352,"date":"2021-09-20T13:31:00","date_gmt":"2021-09-20T13:31:00","guid":{"rendered":"https:\/\/www.rehafit.ch\/contact\/"},"modified":"2021-09-20T13:32:28","modified_gmt":"2021-09-20T13:32:28","slug":"contact","status":"publish","type":"page","link":"https:\/\/www.rehafit.ch\/fr\/contact\/","title":{"rendered":"Contact"},"content":{"rendered":"<h4>Nous sommes l\u00e0 pour vous<\/h4>\n<p>\u00c9crivez-nous pour nous dire ce que vous aimez particuli\u00e8rement dans le shop <a class=\"artikel\" href=\"http:\/\/www.rehafit.ch\" target=\"self\" rel=\"noopener noreferrer\">www.rehafit.ch<\/a> ou ce qui vous manque.<br \/>\nNous attendons vos propositions.<\/p>\n<div class=\"artikel\" align=\"left\">\n<p class=\"text\">rehafit.ch<br \/>\nc\/o Novomed GmbH<br \/>\nRingstrasse 9<br \/>\n4123 Allschwil<br \/>\nTel. 061 383 13 00<br \/>\nFax 061 383 13 01<\/p>\n<p><a class=\"artikel\" href=\"mailto:service@rehafit.ch\">service@rehafit.ch<\/a><\/p>\n<\/div>\n","protected":false},"excerpt":{"rendered":"<p>Nous sommes l\u00e0 pour vous \u00c9crivez-nous pour nous dire ce que vous aimez particuli\u00e8rement dans le shop www.rehafit.ch ou ce qui vous manque. Nous attendons vos propositions. rehafit.ch c\/o Novomed GmbH Ringstrasse 9 4123 Allschwil Tel. 061 383 13 00 &hellip; <a class=\"kt-excerpt-readmore\" href=\"https:\/\/www.rehafit.ch\/fr\/contact\/\" aria-label=\"Contact\">Lire la suite<\/a><\/p>\n","protected":false},"author":1,"featured_media":0,"parent":0,"menu_order":0,"comment_status":"closed","ping_status":"closed","template":"","meta":{"kt_blocks_editor_width":"","footnotes":""},"class_list":["post-10352","page","type-page","status-publish","hentry"],"aioseo_notices":[],"_links":{"self":[{"href":"https:\/\/www.rehafit.ch\/fr\/wp-json\/wp\/v2\/pages\/10352","targetHints":{"allow":["GET"]}}],"collection":[{"href":"https:\/\/www.rehafit.ch\/fr\/wp-json\/wp\/v2\/pages"}],"about":[{"href":"https:\/\/www.rehafit.ch\/fr\/wp-json\/wp\/v2\/types\/page"}],"author":[{"embeddable":true,"href":"https:\/\/www.rehafit.ch\/fr\/wp-json\/wp\/v2\/users\/1"}],"replies":[{"embeddable":true,"href":"https:\/\/www.rehafit.ch\/fr\/wp-json\/wp\/v2\/comments?post=10352"}],"version-history":[{"count":0,"href":"https:\/\/www.rehafit.ch\/fr\/wp-json\/wp\/v2\/pages\/10352\/revisions"}],"wp:attachment":[{"href":"https:\/\/www.rehafit.ch\/fr\/wp-json\/wp\/v2\/media?parent=10352"}],"curies":[{"name":"wp","href":"https:\/\/api.w.org\/{rel}","templated":true}]}}