{"id":10348,"date":"2021-09-20T13:18:10","date_gmt":"2021-09-20T13:18:10","guid":{"rendered":"https:\/\/www.rehafit.ch\/bienvenue-chez-rehafit-lonline-shop-pour-les-aides-de-la-vie-quotidienne\/"},"modified":"2025-06-07T15:42:49","modified_gmt":"2025-06-07T15:42:49","slug":"bienvenue-chez-rehafit-lonline-shop-pour-les-aides-de-la-vie-quotidienne","status":"publish","type":"page","link":"https:\/\/www.rehafit.ch\/fr\/","title":{"rendered":"Bienvenue chez rehafit"},"content":{"rendered":"<p>Visiteur estim\u00e9<\/p>\n<p>Que ce soit \u00e0 la maison ou sur la route, les aides utiles peuvent faciliter la vie quotidienne et rendre les objectifs plus r\u00e9alisables.<\/p>\n<p>Nous vous proposons une multitude de moyens auxiliaires dans le domaine de la r\u00e9\u00e9ducation et de la mobilit\u00e9, qui vous aident \u00e0 rester flexible et mobile, que ce soit \u00e0 la maison ou en d\u00e9placement. Vous trouverez des produits pour la salle de bain, de douche ou de toilette tels que des tabourets de douche, des si\u00e8ges de bain, des \u00e9l\u00e9vateurs de bain, des poign\u00e9es de s\u00e9curit\u00e9, ainsi que pour les toilettes tels que des rehausseurs de si\u00e8ge de toilette, des supports de toilette, mais aussi des aides \u00e0 la marche telles que des rollators, des fauteuils roulants, des b\u00e9quilles, des supports axillaires.<\/p>\n<p style=\"text-align: left;\">Nous souhaitons attirer votre attention sur les <a href=\"https:\/\/www.rehafit.ch\/produkt-kategorie\/mobile-haltegriffe\/\">poign\u00e9es mobiles<\/a> de ROTH &#8211; <span class=\"text_allg\">la premi\u00e8re poign\u00e9e, dans laquelle l\u2019\u00e9tat de vide et donc la force adh\u00e9sive &#8211; est mesur\u00e9e en permanence. Parce que le MOBELI bascule de s\u00e9curit\u00e9 v\u00e9rifie en permanence le vide. Vous trouverez de nombreux autres produits utiles pour faciliter votre vie quotidienne.<\/span><\/p>\n<p><a href=\"https:\/\/www.rehafit.ch\/fr\/Produit\/mobi-roll-le-rollator-orthopedique-pour-le-genou\/\"><img loading=\"lazy\" decoding=\"async\" class=\"alignnone wp-image-15684\" src=\"https:\/\/www.rehafit.ch\/wp-content\/uploads\/2025\/03\/Mobi-Roll-173x250.jpg\" alt=\"\" width=\"122\" height=\"176\" srcset=\"https:\/\/www.rehafit.ch\/wp-content\/uploads\/2025\/03\/Mobi-Roll-173x250.jpg 173w, https:\/\/www.rehafit.ch\/wp-content\/uploads\/2025\/03\/Mobi-Roll.jpg 356w\" sizes=\"auto, (max-width: 122px) 100vw, 122px\" \/><\/a><\/p>\n<p>Avec le <a href=\"https:\/\/www.rehafit.ch\/fr\/Produit\/mobi-roll-le-rollator-orthopedique-pour-le-genou\/\"><b>Mobi-Roll<\/b><\/a> vous permet de rester mobile sans avoir besoin d&rsquo;un <b>appui<\/b> inconfortable <b>sur l&rsquo;avant-bras<\/b> ou d&rsquo;un <b>fauteuil roulant<\/b>. Cet appareil orthop\u00e9dique a \u00e9t\u00e9 sp\u00e9cialement con\u00e7u pour vous permettre de <b>vous d\u00e9placer confortablement, en toute s\u00e9curit\u00e9 et de mani\u00e8re autonome<\/b>, \u00e0 l&rsquo;int\u00e9rieur comme \u00e0 l&rsquo;ext\u00e9rieur.<br \/>\nLe <a href=\"https:\/\/www.rehafit.ch\/fr\/Produit\/location-mobi-roll-rollator\/\"><b>Mobi-Roll<\/b> peut \u00e9galement \u00eatre lou\u00e9<\/a>.<\/p>\n<p>Nous esp\u00e9rons pouvoir vous servir avec nos produits.<\/p>\n<p>Cordialement<\/p>\n<p>Votre team rehafit<\/p>\n<hr \/>\n<h4><span style=\"color: #0000ff;\"><strong> Fitness\/bien-\u00eatre\/pilates<\/strong><\/span><\/h4>\n<p>Nous sommes heureux de pouvoir utiliser les produits de <a href=\"https:\/\/www.rehafit.ch\/produkt-kategorie\/fitness-wellness-pilates\/\"><img loading=\"lazy\" decoding=\"async\" class=\"alignnone wp-image-14572 size-medium\" src=\"https:\/\/www.rehafit.ch\/wp-content\/uploads\/2024\/02\/Logo-mvs-250x91.jpg\" alt=\"\" width=\"250\" height=\"91\" srcset=\"https:\/\/www.rehafit.ch\/wp-content\/uploads\/2024\/02\/Logo-mvs-250x91.jpg 250w, https:\/\/www.rehafit.ch\/wp-content\/uploads\/2024\/02\/Logo-mvs.jpg 399w\" sizes=\"auto, (max-width: 250px) 100vw, 250px\" \/><\/a> dans le domaine <a href=\"https:\/\/www.rehafit.ch\/produkt-kategorie\/fitness-wellness-pilates\/\">du fitness\/wellness\/pilates<\/a>.<\/p>\n<table>\n<tbody>\n<tr>\n<td><a href=\"https:\/\/www.rehafit.ch\/fr\/Produit\/lets-shop-kopie\/\"><img loading=\"lazy\" decoding=\"async\" class=\"alignnone wp-image-14374\" src=\"https:\/\/www.rehafit.ch\/wp-content\/uploads\/2024\/01\/test-250x188.jpg\" alt=\"Let's get up id\u00e9al pour sortir du lit\" width=\"261\" height=\"196\" srcset=\"https:\/\/www.rehafit.ch\/wp-content\/uploads\/2024\/01\/test-250x188.jpg 250w, https:\/\/www.rehafit.ch\/wp-content\/uploads\/2024\/01\/test-260x195.jpg 260w, https:\/\/www.rehafit.ch\/wp-content\/uploads\/2024\/01\/test-300x225.jpg 300w, https:\/\/www.rehafit.ch\/wp-content\/uploads\/2024\/01\/test-380x285.jpg 380w, https:\/\/www.rehafit.ch\/wp-content\/uploads\/2024\/01\/test.jpg 400w\" sizes=\"auto, (max-width: 261px) 100vw, 261px\" \/><\/a><\/td>\n<td><a href=\"https:\/\/www.rehafit.ch\/fr\/Produit\/rollator-byacre-ultra-leger-carbone\/\"><img loading=\"lazy\" decoding=\"async\" class=\"alignnone wp-image-4515\" src=\"https:\/\/www.rehafit.ch\/wp-content\/uploads\/2020\/03\/carbonultralight_regular_strawberryred_byacre_profile_with_organiser-250x250.jpg\" alt=\"Le d\u00e9ambulateur le plus l\u00e9ger du monde\" width=\"219\" height=\"219\" srcset=\"https:\/\/www.rehafit.ch\/wp-content\/uploads\/2020\/03\/carbonultralight_regular_strawberryred_byacre_profile_with_organiser-250x250.jpg 250w, https:\/\/www.rehafit.ch\/wp-content\/uploads\/2020\/03\/carbonultralight_regular_strawberryred_byacre_profile_with_organiser-300x300.jpg 300w, https:\/\/www.rehafit.ch\/wp-content\/uploads\/2020\/03\/carbonultralight_regular_strawberryred_byacre_profile_with_organiser-100x100.jpg 100w, https:\/\/www.rehafit.ch\/wp-content\/uploads\/2020\/03\/carbonultralight_regular_strawberryred_byacre_profile_with_organiser-456x456.jpg 456w, https:\/\/www.rehafit.ch\/wp-content\/uploads\/2020\/03\/carbonultralight_regular_strawberryred_byacre_profile_with_organiser-150x150.jpg 150w, https:\/\/www.rehafit.ch\/wp-content\/uploads\/2020\/03\/carbonultralight_regular_strawberryred_byacre_profile_with_organiser-768x768.jpg 768w, https:\/\/www.rehafit.ch\/wp-content\/uploads\/2020\/03\/carbonultralight_regular_strawberryred_byacre_profile_with_organiser-520x520.jpg 520w, https:\/\/www.rehafit.ch\/wp-content\/uploads\/2020\/03\/carbonultralight_regular_strawberryred_byacre_profile_with_organiser-260x260.jpg 260w, https:\/\/www.rehafit.ch\/wp-content\/uploads\/2020\/03\/carbonultralight_regular_strawberryred_byacre_profile_with_organiser-600x600.jpg 600w, https:\/\/www.rehafit.ch\/wp-content\/uploads\/2020\/03\/carbonultralight_regular_strawberryred_byacre_profile_with_organiser-760x760.jpg 760w, https:\/\/www.rehafit.ch\/wp-content\/uploads\/2020\/03\/carbonultralight_regular_strawberryred_byacre_profile_with_organiser-380x380.jpg 380w, https:\/\/www.rehafit.ch\/wp-content\/uploads\/2020\/03\/carbonultralight_regular_strawberryred_byacre_profile_with_organiser.jpg 800w\" sizes=\"auto, (max-width: 219px) 100vw, 219px\" \/><\/a><\/td>\n<td><a href=\"https:\/\/www.rehafit.ch\/fr\/Produit\/bischoff-bischoff-vida-le-fauteuil-roulant-de-transport\/\"><img loading=\"lazy\" decoding=\"async\" class=\"alignnone wp-image-13925\" src=\"https:\/\/www.rehafit.ch\/wp-content\/uploads\/2023\/09\/vida_01_557x624-223x250.jpg\" alt=\"Id\u00e9al pour les courtes distances\" width=\"213\" height=\"239\" srcset=\"https:\/\/www.rehafit.ch\/wp-content\/uploads\/2023\/09\/vida_01_557x624-223x250.jpg 223w, https:\/\/www.rehafit.ch\/wp-content\/uploads\/2023\/09\/vida_01_557x624-520x582.jpg 520w, https:\/\/www.rehafit.ch\/wp-content\/uploads\/2023\/09\/vida_01_557x624-260x291.jpg 260w, https:\/\/www.rehafit.ch\/wp-content\/uploads\/2023\/09\/vida_01_557x624-300x336.jpg 300w, https:\/\/www.rehafit.ch\/wp-content\/uploads\/2023\/09\/vida_01_557x624-380x426.jpg 380w, https:\/\/www.rehafit.ch\/wp-content\/uploads\/2023\/09\/vida_01_557x624.jpg 557w\" sizes=\"auto, (max-width: 213px) 100vw, 213px\" \/><\/a><\/td>\n<td><img loading=\"lazy\" decoding=\"async\" class=\"alignnone wp-image-13982\" src=\"https:\/\/www.rehafit.ch\/wp-content\/uploads\/2023\/10\/MR.CC_1920x1920-175x250.jpg\" alt=\"Parfait pour la mobilit\u00e9 apr\u00e8s une blessure au pied ou \u00e0 la jambe.\" width=\"201\" height=\"288\" srcset=\"https:\/\/www.rehafit.ch\/wp-content\/uploads\/2023\/10\/MR.CC_1920x1920-175x250.jpg 175w, https:\/\/www.rehafit.ch\/wp-content\/uploads\/2023\/10\/MR.CC_1920x1920-718x1024.jpg 718w, https:\/\/www.rehafit.ch\/wp-content\/uploads\/2023\/10\/MR.CC_1920x1920-768x1096.jpg 768w, https:\/\/www.rehafit.ch\/wp-content\/uploads\/2023\/10\/MR.CC_1920x1920-1077x1536.jpg 1077w, https:\/\/www.rehafit.ch\/wp-content\/uploads\/2023\/10\/MR.CC_1920x1920-1320x1883.jpg 1320w, https:\/\/www.rehafit.ch\/wp-content\/uploads\/2023\/10\/MR.CC_1920x1920.jpg 1346w\" sizes=\"auto, (max-width: 201px) 100vw, 201px\" \/><\/td>\n<td><a href=\"https:\/\/www.rehafit.ch\/fr\/Produit\/lets-shop\/\"><img loading=\"lazy\" decoding=\"async\" class=\"alignnone wp-image-13754\" src=\"https:\/\/www.rehafit.ch\/wp-content\/uploads\/2023\/08\/Lets-shop-223x250.jpg\" alt=\"id\u00e9al pour faire ses courses\" width=\"230\" height=\"258\" srcset=\"https:\/\/www.rehafit.ch\/wp-content\/uploads\/2023\/08\/Lets-shop-223x250.jpg 223w, https:\/\/www.rehafit.ch\/wp-content\/uploads\/2023\/08\/Lets-shop-915x1024.jpg 915w, https:\/\/www.rehafit.ch\/wp-content\/uploads\/2023\/08\/Lets-shop-768x860.jpg 768w, https:\/\/www.rehafit.ch\/wp-content\/uploads\/2023\/08\/Lets-shop.jpg 1114w\" sizes=\"auto, (max-width: 230px) 100vw, 230px\" \/><\/a><\/td>\n<\/tr>\n<tr>\n<td valign=\"top\">Let&rsquo;s get up, aide \u00e0 la verticalisation<\/td>\n<td valign=\"top\">ByAcre le d\u00e9ambulateur le plus l\u00e9ger du monde<\/td>\n<td valign=\"top\">Fauteuils roulants de transport Vida<\/td>\n<td valign=\"top\">Mobi-Roll Rollator pour les genoux<br \/>\n<a href=\"https:\/\/www.rehafit.ch\/fr\/Produit\/mobi-roll-le-rollator-orthopedique-pour-le-genou\/\">acheter&gt;&gt;<\/a><br \/>\n<a href=\"https:\/\/www.rehafit.ch\/fr\/Produit\/location-mobi-roll-rollator\/\">louer&gt;&gt;<\/a><br \/>\n<a href=\"https:\/\/www.rehafit.ch\/fr\/Produit\/prolongation-location-mobi-roll-genou-roller\/\">Prolonger la location&gt;&gt;<\/a><\/td>\n<td valign=\"top\">Let&rsquo;s shop<\/td>\n<\/tr>\n<\/tbody>\n<\/table>\n","protected":false},"excerpt":{"rendered":"<p>Visiteur estim\u00e9 Que ce soit \u00e0 la maison ou sur la route, les aides utiles peuvent faciliter la vie quotidienne et rendre les objectifs plus r\u00e9alisables. Nous vous proposons une multitude de moyens auxiliaires dans le domaine de la r\u00e9\u00e9ducation &hellip; <a class=\"kt-excerpt-readmore\" href=\"https:\/\/www.rehafit.ch\/fr\/\" aria-label=\"Bienvenue chez rehafit\">Lire la suite<\/a><\/p>\n","protected":false},"author":1,"featured_media":0,"parent":0,"menu_order":0,"comment_status":"closed","ping_status":"closed","template":"","meta":{"kt_blocks_editor_width":"","footnotes":""},"class_list":["post-10348","page","type-page","status-publish","hentry"],"aioseo_notices":[],"_links":{"self":[{"href":"https:\/\/www.rehafit.ch\/fr\/wp-json\/wp\/v2\/pages\/10348","targetHints":{"allow":["GET"]}}],"collection":[{"href":"https:\/\/www.rehafit.ch\/fr\/wp-json\/wp\/v2\/pages"}],"about":[{"href":"https:\/\/www.rehafit.ch\/fr\/wp-json\/wp\/v2\/types\/page"}],"author":[{"embeddable":true,"href":"https:\/\/www.rehafit.ch\/fr\/wp-json\/wp\/v2\/users\/1"}],"replies":[{"embeddable":true,"href":"https:\/\/www.rehafit.ch\/fr\/wp-json\/wp\/v2\/comments?post=10348"}],"version-history":[{"count":4,"href":"https:\/\/www.rehafit.ch\/fr\/wp-json\/wp\/v2\/pages\/10348\/revisions"}],"predecessor-version":[{"id":15845,"href":"https:\/\/www.rehafit.ch\/fr\/wp-json\/wp\/v2\/pages\/10348\/revisions\/15845"}],"wp:attachment":[{"href":"https:\/\/www.rehafit.ch\/fr\/wp-json\/wp\/v2\/media?parent=10348"}],"curies":[{"name":"wp","href":"https:\/\/api.w.org\/{rel}","templated":true}]}}