{"id":10343,"date":"2021-09-20T12:56:35","date_gmt":"2021-09-20T12:56:35","guid":{"rendered":"https:\/\/www.rehafit.ch\/aw-2\/"},"modified":"2025-02-14T08:54:05","modified_gmt":"2025-02-14T08:54:05","slug":"aw-2","status":"publish","type":"page","link":"https:\/\/www.rehafit.ch\/fr\/aw-2\/","title":{"rendered":"CG"},"content":{"rendered":"<h2><strong>Conditions g\u00e9n\u00e9rales d&rsquo;affaires<\/strong><\/h2>\n<p><strong>1 Applicabilit\u00e9<\/strong><br \/>\nLes pr\u00e9sentes conditions g\u00e9n\u00e9rales font partie int\u00e9grante de toutes les transactions effectu\u00e9es via la boutique en ligne \u00ab\u00a0rehafit.ch\u00a0\u00bb de Novomed GmbH, Allschwil, sauf accord \u00e9crit contraire.<\/p>\n<p><strong>2. La s\u00e9curit\u00e9<\/strong><br \/>\nrehafit.ch ne transmet aucune donn\u00e9e personnelle des clients \u00e0 des tiers. La seule exception concerne les donn\u00e9es qui sont n\u00e9cessaires \u00e0 l&rsquo;ex\u00e9cution de la commande (par exemple, les coordonn\u00e9es de livraison de la poste).<\/p>\n<p><strong>3. dates de livraison, d\u00e9lais de livraison<\/strong><br \/>\nLes produits contenus dans la boutique en ligne de rehafit.ch sont g\u00e9n\u00e9ralement disponibles dans notre entrep\u00f4t et vous parviendront sous 2 \u00e0 4 jours ouvrables.<br \/>\nDans des cas exceptionnels, la livraison peut \u00eatre retard\u00e9e. Vous en serez inform\u00e9 par \u00e9crit.<br \/>\nLes commandes en souffrance seront livr\u00e9es apr\u00e8s leur arriv\u00e9e sans frais d&rsquo;exp\u00e9dition suppl\u00e9mentaires.<\/p>\n<p><strong>4. Dates de livraison, d\u00e9lais de livraison<\/strong><br \/>\nTous les prix comprennent une TVA de 8.1 %.<\/p>\n<p><strong>5. Envoi, livraison<\/strong><br \/>\nLa livraison est effectu\u00e9e contre facture en Suisse. Les frais de livraison sont d&rsquo;un montant forfaitaire de 9 CHF. Aucune livraison \u00e0 l&rsquo;\u00e9tranger.<br \/>\nLe client dispose d&rsquo;un droit de retour dans les 10 jours, sauf indication contraire. Le droit de retour ne s&rsquo;applique pas aux articles sp\u00e9cialement marqu\u00e9s dont le d\u00e9lai de livraison est plus long. Pour des raisons d&rsquo;hygi\u00e8ne, les articles se trouvant dans la salle d&rsquo;eau ne peuvent \u00eatre retourn\u00e9s que dans une mesure limit\u00e9e.<br \/>\nLe retour de l&rsquo;article dans l&#8217;emballage original ferm\u00e9 est \u00e0 la charge du client.<\/p>\n<p><strong>6. les frais d&rsquo;exp\u00e9dition<\/strong><br \/>\nEn Suisse, les livraisons sont gratuites.<\/p>\n<p><strong>7. l&#8217;emballage<\/strong><br \/>\nLes frais d&#8217;emballage habituels dans l&rsquo;usine sont inclus dans le prix. Si un emballage sp\u00e9cial est requis ou si celui-ci est n\u00e9cessaire pour l&rsquo;exp\u00e9dition s\u00fbre d&rsquo;un article, les co\u00fbts correspondants seront factur\u00e9s.<\/p>\n<p><strong>8. Conditions de paiement, facture<\/strong><br \/>\nLes comptes d\u00e9biteurs sont dus 10 jours apr\u00e8s la facturation. Les d\u00e9ductions telles que les remises ou les rabais ne sont autoris\u00e9es que si elles sont convenues par \u00e9crit.<br \/>\nL&rsquo;int\u00e9r\u00eat par d\u00e9faut pour les paiements tardifs est de 8% et s&rsquo;applique \u00e0 partir de la date de facturation. Les int\u00e9r\u00eats moratoires seront factur\u00e9s \u00e0 partir du deuxi\u00e8me rappel recommand\u00e9.<\/p>\n<p><strong>9. Garantie<\/strong><br \/>\nLa p\u00e9riode de garantie est de 2 ans \u00e0 compter de la date d&rsquo;achat.<\/p>\n<p><strong>10. Avis de d\u00e9fauts<\/strong><br \/>\nLes livraisons incorrectes, les erreurs de quantit\u00e9 et les d\u00e9fauts reconnaissables doivent \u00eatre notifi\u00e9s par \u00e9crit par le client dans les 10 jours suivant la r\u00e9ception de la marchandise, les d\u00e9fauts cach\u00e9s dans les deux semaines suivant la connaissance du d\u00e9faut. Toute modification non autoris\u00e9e de la marchandise ou d&rsquo;une partie de celle-ci par le client ou un tiers entra\u00eene l&rsquo;annulation de tous les droits \u00e0 la garantie, \u00e0 moins que le d\u00e9faut invoqu\u00e9 ne soit pas li\u00e9 \u00e0 la modification.<\/p>\n<p><strong>11. Exclusion de la responsabilit\u00e9<\/strong><br \/>\nLa responsabilit\u00e9 de notre soci\u00e9t\u00e9 pour les dommages indirects caus\u00e9s par un d\u00e9faut est exclue, \u00e0 moins que la loi ne l&rsquo;impose ou qu&rsquo;il n&rsquo;en soit convenu autrement par \u00e9crit.<\/p>\n<p><strong>12. R\u00e9serve de propri\u00e9t\u00e9<\/strong><br \/>\nJusqu&rsquo;au paiement int\u00e9gral du prix d&rsquo;achat, y compris tous les frais annexes tels que les int\u00e9r\u00eats ou les frais d&rsquo;exp\u00e9dition, il existe une r\u00e9serve de propri\u00e9t\u00e9 sur l&rsquo;objet d&rsquo;achat ainsi que sur tous ses composants et accessoires au sens de l&rsquo;art. 715 du Code civil suisse.<\/p>\n<p><strong>13. Lieu de juridiction<\/strong><br \/>\nLe lieu de juridiction est Allschwil.<\/p>\n<p>rehafit.ch<\/p>\n<p>Ringstrasse 9<br \/>\nCH- 4123 Allschwil<br \/>\nT\u00e9l. 061\/383 13 00<\/p>\n<p>service@rehafit.ch<\/p>\n<p>&nbsp;<\/p>\n","protected":false},"excerpt":{"rendered":"<p>Conditions g\u00e9n\u00e9rales d&rsquo;affaires 1 Applicabilit\u00e9 Les pr\u00e9sentes conditions g\u00e9n\u00e9rales font partie int\u00e9grante de toutes les transactions effectu\u00e9es via la boutique en ligne \u00ab\u00a0rehafit.ch\u00a0\u00bb de Novomed GmbH, Allschwil, sauf accord \u00e9crit contraire. 2. La s\u00e9curit\u00e9 rehafit.ch ne transmet aucune donn\u00e9e personnelle &hellip; <a class=\"kt-excerpt-readmore\" href=\"https:\/\/www.rehafit.ch\/fr\/aw-2\/\" aria-label=\"CG\">Lire la suite<\/a><\/p>\n","protected":false},"author":1,"featured_media":0,"parent":0,"menu_order":0,"comment_status":"closed","ping_status":"closed","template":"","meta":{"kt_blocks_editor_width":"","footnotes":""},"class_list":["post-10343","page","type-page","status-publish","hentry"],"aioseo_notices":[],"_links":{"self":[{"href":"https:\/\/www.rehafit.ch\/fr\/wp-json\/wp\/v2\/pages\/10343","targetHints":{"allow":["GET"]}}],"collection":[{"href":"https:\/\/www.rehafit.ch\/fr\/wp-json\/wp\/v2\/pages"}],"about":[{"href":"https:\/\/www.rehafit.ch\/fr\/wp-json\/wp\/v2\/types\/page"}],"author":[{"embeddable":true,"href":"https:\/\/www.rehafit.ch\/fr\/wp-json\/wp\/v2\/users\/1"}],"replies":[{"embeddable":true,"href":"https:\/\/www.rehafit.ch\/fr\/wp-json\/wp\/v2\/comments?post=10343"}],"version-history":[{"count":0,"href":"https:\/\/www.rehafit.ch\/fr\/wp-json\/wp\/v2\/pages\/10343\/revisions"}],"wp:attachment":[{"href":"https:\/\/www.rehafit.ch\/fr\/wp-json\/wp\/v2\/media?parent=10343"}],"curies":[{"name":"wp","href":"https:\/\/api.w.org\/{rel}","templated":true}]}}